{"id":26888,"date":"2025-09-11T09:57:55","date_gmt":"2025-09-11T07:57:55","guid":{"rendered":"https:\/\/eod-star.hu\/wp-booking-calendar\/"},"modified":"2025-09-11T09:57:55","modified_gmt":"2025-09-11T07:57:55","slug":"wp-booking-calendar","status":"publish","type":"page","link":"https:\/\/eod-star.hu\/hu\/wp-booking-calendar\/","title":{"rendered":"Booking Form"},"content":{"rendered":" <div id=\"form_id307498965391\" class=\"wpbc_container wpbc_form wpbc_container_booking_form \" ><form id=\"booking_form1\" class=\"booking_form vertical\" method=\"post\" action=\"\"><div id=\"ajax_respond_insert1\" class=\"ajax_respond_insert\" style=\"display:none;\"><\/div><a name=\"bklnk1\" id=\"bklnk1\"><\/a><div id=\"booking_form_div1\" class=\"booking_form_div\"><style type=\"text\/css\">.wpbc_container_booking_form .block_hints, .wpbc_booking_form_simple.wpbc_form_center .wpbc__form__div .wpbc__row.wpbc_r_calendar, .wpbc_booking_form_simple .wpbc__form__div .wpbc__row:not(.wpbc_r_calendar){max-width:100%;} <\/style>\n<div class=\"wpbc_booking_form_simple \">\n<div class=\"wpbc__row\">\n  <div class=\"wpbc__field\">\n    <div class=\"wpbc_calendar_wraper wpbc_change_over_triangle\"><div class=\"wpbc_cal_container bk_calendar_frame wpbc_no_custom_width  months_num_in_row_ cal_month_num_1\" style=\"\"><div id=\"calendar_booking1\"  class=\"wpbc_calendar_id_1\" >\t<div class=\"calendar_loader_frame calendar_loader_frame1\"\r\n\t\tdata-wpbc-rid=\"1\"\r\n\t\tdata-wpbc-grace=\"8000\"\r\n\t\tstyle=\"--wpbc-loader-cols: 1;\"\r\n\t>\r\n\t\t<div class=\"calendar_loader_text\">Loading...<\/div>\r\n\t\t<div class=\"calendar_loader_frame__progress_line_container\">\r\n\t\t\t<div class=\"calendar_loader_frame__progress_line\"><\/div>\r\n\t\t<\/div>\r\n\t<\/div>\r\n\t<\/div><\/div><div style=\"font-size:7px;text-align:left;margin:0 0 10px;text-shadow: none;\">Powered by <a href=\"https:\/\/wpbookingcalendar.com\" style=\"font-size:7px;\" target=\"_blank\" title=\"Booking Calendar plugin for WordPress\" rel=\"noopener\">Booking Calendar<\/a><\/div><textarea id=\"date_booking1\" name=\"date_booking1\" autocomplete=\"off\" style=\"display:none;\"><\/textarea><div class=\"block_hints datepick \"><div class=\"wpdev_hint_with_text\"><div class=\"\"><div class=\"datepick-inline wpbc_calendar_legend_table_width_height\"><table class=\"datepick wpbc_calendar\" style=\"\"><tbody><tr><td class=\"datepick-days-cell date_available wpbc_calendar_legend_day_cell_height\"><div class=\"wpbc-cell-box\">\t<div class=\"date-cell-content\">\t\t<div class=\"date-content-top\"><\/div>\t\t<a>29<\/a>\t\t<div class=\"date-content-bottom\"><\/div>\t<\/div><\/div><\/td><\/tr><\/tbody><\/table><\/div><\/div><div class=\"block_text\">- <\/div><div class=\"block_text\">El\u00e9rhet\u0151<\/div><\/div><div class=\"wpdev_hint_with_text\"><div class=\"\"><div class=\"datepick-inline wpbc_calendar_legend_table_width_height\"><table class=\"datepick wpbc_calendar\" style=\"\"><tbody><tr><td class=\"datepick-days-cell datepick-unselectable date_user_unavailable full_day_booking date_approved wpbc_calendar_legend_day_cell_height\"><div class=\"wpbc-cell-box\">\t<div class=\"date-cell-content\">\t\t<div class=\"date-content-top\"><\/div>\t\t<span>29<\/span>\t\t<div class=\"date-content-bottom\"><\/div>\t<\/div><\/div><\/td><\/tr><\/tbody><\/table><\/div><\/div><div class=\"block_text\">- <\/div><div class=\"block_text\">Foglalt<\/div><\/div><div class=\"wpdev_hint_with_text\"><div class=\"\"><div class=\"datepick-inline wpbc_calendar_legend_table_width_height\"><table class=\"datepick wpbc_calendar\" style=\"\"><tbody><tr><td class=\"datepick-days-cell datepick-unselectable date_user_unavailable full_day_booking date2approve wpbc_calendar_legend_day_cell_height\"><div class=\"wpbc-cell-box\">\t<div class=\"date-cell-content\">\t\t<div class=\"date-content-top\"><\/div>\t\t<span>29<\/span>\t\t<div class=\"date-content-bottom\"><\/div>\t<\/div><\/div><\/td><\/tr><\/tbody><\/table><\/div><\/div><div class=\"block_text\">- <\/div><div class=\"block_text\">Foglalt id\u0151pont (egyeztet\u00e9s alatt)<\/div><\/div><\/div><\/div>\n  <\/div>\n  <div class=\"wpbc__field\">\n<div class=\"wpbc__form__div\">\n\t\t\t<div class=\"wpbc__row\">\n\t\t\t\t<div class=\"wpbc_r_name wpbc__field\"> <label>N\u00e9v*<\/label><br><span class=\"wpbc_wrap_text wpdev-form-control-wrap name1\"><input type=\"text\" name=\"name1\" value=\"\" autocomplete=\"name\" class=\"wpdev-validates-as-required\" size=\"40\" \/><\/span> <\/div>\n\t\t\t<\/div>\n\t\t\t<div class=\"wpbc__row\">\n\t\t\t\t<div class=\"wpbc_r_email wpbc__field\"> <label>Email*<\/label><br><span class=\"wpbc_wrap_text wpdev-form-control-wrap email1\"><input type=\"email\" name=\"email1\" value=\"\" autocomplete=\"email\" class=\"wpdev-validates-as-email wpdev-validates-as-required\" size=\"40\" \/><\/span> <\/div>\n\t\t\t<\/div>\n\t\t\t<div class=\"wpbc__row\">\n\t\t\t\t<div class=\"wpbc_r_phone wpbc__field\"> <label>Telefonsz\u00e1m<\/label><br><span class=\"wpbc_wrap_text wpdev-form-control-wrap phone1\"><input type=\"text\" name=\"phone1\" value=\"\" autocomplete=\"phone\" size=\"40\" \/><\/span> <\/div>\n\t\t\t<\/div>\n\t\t\t<div class=\"wpbc__row\">\n\t\t\t\t<div class=\"wpbc_r_eodrone wpbc__field\"><span class=\"wpbc_wrap_checkbox wpdev-form-control-wrap eodrone1\"><span autocomplete=\"eodrone\" class=\"wpdev-checkbox\"><span class=\"wpdev-list-item\"><input  autocomplete=\"eodrone\" class=\"wpdev-checkbox\" id=\"checkboxid177745066701959\"  onchange=\"javascript:if(typeof( wpbc_show_cost_hints_after_few_seconds )=='function'){wpbc_show_cost_hints_after_few_seconds(1);}\"  type=\"checkbox\"  name=\"eodrone1[]\"  value=\"EODrone - ferrom\u00e1gneses anom\u00e1lia felm\u00e9r\u00e9s\" \/><label for=\"checkboxid177745066701959\"  class=\"wpdev-list-item-label\">EODrone - ferrom\u00e1gneses anom\u00e1lia felm\u00e9r\u00e9s<\/label><\/span><\/span><\/span> <\/div>\n\t\t\t<\/div>\n\t\t\t<div class=\"wpbc__row\">\n\t\t\t\t<div class=\"wpbc_r_geodrone wpbc__field\"><span class=\"wpbc_wrap_checkbox wpdev-form-control-wrap geodrone1\"><span autocomplete=\"geodrone\" class=\"wpdev-checkbox\"><span class=\"wpdev-list-item\"><input  autocomplete=\"geodrone\" class=\"wpdev-checkbox\" id=\"checkboxid177745066701119\"  onchange=\"javascript:if(typeof( wpbc_show_cost_hints_after_few_seconds )=='function'){wpbc_show_cost_hints_after_few_seconds(1);}\"  type=\"checkbox\"  name=\"geodrone1[]\"  value=\"GEODrone - fotogrammetriai felm\u00e9r\u00e9s\" \/><label for=\"checkboxid177745066701119\"  class=\"wpdev-list-item-label\">GEODrone - fotogrammetriai felm\u00e9r\u00e9s<\/label><\/span><\/span><\/span> <\/div>\n\t\t\t<\/div>\n\t\t\t<div class=\"wpbc__row\">\n\t\t\t\t<div class=\"wpbc_r_submit wpbc__field\"><input type=\"button\" value=\"Foglal\u00e1s\" class=\"wpbc_button_light  btn btn\" onclick=\"wpbc_booking_form_submit(this.form,1, 'hu_HU');\" \/> <\/div>\n\t\t\t<\/div>\n<\/div>\n\t<\/div>\n\t<\/div>\n<\/div><input id=\"bk_type1\" name=\"bk_type1\" class=\"\" type=\"hidden\" value=\"1\" \/><\/div><div id=\"submiting1\"><\/div><div class=\"form_bk_messages\" id=\"form_bk_messages1\" ><\/div><input type=\"hidden\" id=\"wpbc_nonceCALCULATE_THE_COST1\" name=\"wpbc_nonceCALCULATE_THE_COST1\" value=\"846a5528d6\" \/><input type=\"hidden\" name=\"_wp_http_referer\" value=\"\/hu\/wp-json\/wp\/v2\/pages\/26888\" \/><\/form><\/div><div id=\"booking_form_garbage1\" class=\"booking_form_garbage\"><\/div> \n","protected":false},"excerpt":{"rendered":"","protected":false},"author":6,"featured_media":0,"parent":0,"menu_order":0,"comment_status":"closed","ping_status":"closed","template":"","meta":{"_et_pb_use_builder":"","_et_pb_old_content":"","_et_gb_content_width":"","footnotes":""},"class_list":["post-26888","page","type-page","status-publish","hentry"],"_links":{"self":[{"href":"https:\/\/eod-star.hu\/hu\/wp-json\/wp\/v2\/pages\/26888","targetHints":{"allow":["GET"]}}],"collection":[{"href":"https:\/\/eod-star.hu\/hu\/wp-json\/wp\/v2\/pages"}],"about":[{"href":"https:\/\/eod-star.hu\/hu\/wp-json\/wp\/v2\/types\/page"}],"author":[{"embeddable":true,"href":"https:\/\/eod-star.hu\/hu\/wp-json\/wp\/v2\/users\/6"}],"replies":[{"embeddable":true,"href":"https:\/\/eod-star.hu\/hu\/wp-json\/wp\/v2\/comments?post=26888"}],"version-history":[{"count":0,"href":"https:\/\/eod-star.hu\/hu\/wp-json\/wp\/v2\/pages\/26888\/revisions"}],"wp:attachment":[{"href":"https:\/\/eod-star.hu\/hu\/wp-json\/wp\/v2\/media?parent=26888"}],"curies":[{"name":"wp","href":"https:\/\/api.w.org\/{rel}","templated":true}]}}